{"id":2,"date":"2023-05-16T17:31:16","date_gmt":"2023-05-16T17:31:16","guid":{"rendered":"https:\/\/laurafrisicale.com\/?page_id=2"},"modified":"2023-12-10T16:54:21","modified_gmt":"2023-12-10T16:54:21","slug":"sample-page","status":"publish","type":"page","link":"https:\/\/laurafrisicale.com\/index.php\/sample-page\/","title":{"rendered":"Sobre mi"},"content":{"rendered":"\n<p>\u00a1Hola! Soy Laura y soy abogada. Me gradu\u00e9 en la Universidad Nacional del Sur (Bah\u00eda Blanca, Buenos Aires, Argentina) en el a\u00f1o 2010. Ese mismo a\u00f1o inici\u00e9 mi carrera como abogada junior para una empresa de salud, y con colegas de larga trayectoria en mi ciudad. En 2012 abr\u00ed mi propio Estudio Jur\u00eddico, una firma boutique, con atenci\u00f3n en forma c\u00e1lida, personal y atenta a los detalles de cada caso.<\/p>\n\n\n\n<p>Lo acad\u00e9mico es una parte importante de mi vida profesional. Soy M\u00e1ster en Derecho Procesal, por la Universidad Nacional de Rosario; Diplomada en Derecho del Consumidor, por la Universidad Nacional del Sur y Diplomada en G\u00e9nero, Igualdad y Derechos.<\/p>\n\n\n\n<p>Desde 2013 participo de actividades acad\u00e9micas relacionadas al derecho, como panelista y disertante.<\/p>\n\n\n\n<p>Desde 2014 publico art\u00edculos en revistas especializadas en informaci\u00f3n jur\u00eddica, aportando an\u00e1lisis y reflexiones sobre situaciones que requieren la intervenci\u00f3n de la justicia.<\/p>\n\n\n\n<p>Desde el a\u00f1o 2019 genero contenido en las redes sociales con un formato de lenguaje claro, accesible para los ciudadanos.<\/p>\n\n\n\n<p>Trabaj\u00e9 en investigaci\u00f3n y docencia e integro el Instituto de Derecho Procesal del Colegio de Abogados de Bah\u00eda Blanca desde julio de 2019 hasta la actualidad.<\/p>\n\n\n\n<p><\/p>\n\n\n\n<p><\/p>\n\n\n\n<div class=\"wp-block-columns is-layout-flex wp-container-1\"><\/div>\n\n\n\n<figure class=\"wp-block-image size-large\"><img decoding=\"async\" loading=\"lazy\" width=\"1024\" height=\"684\" src=\"https:\/\/laurafrisicale.com\/wp-content\/uploads\/2023\/06\/cropped-DSC_9579-1-1024x684.jpg\" alt=\"\" class=\"wp-image-196\" srcset=\"https:\/\/laurafrisicale.com\/wp-content\/uploads\/2023\/06\/cropped-DSC_9579-1-1024x684.jpg 1024w, https:\/\/laurafrisicale.com\/wp-content\/uploads\/2023\/06\/cropped-DSC_9579-1-300x200.jpg 300w, https:\/\/laurafrisicale.com\/wp-content\/uploads\/2023\/06\/cropped-DSC_9579-1-768x513.jpg 768w, https:\/\/laurafrisicale.com\/wp-content\/uploads\/2023\/06\/cropped-DSC_9579-1-360x240.jpg 360w, https:\/\/laurafrisicale.com\/wp-content\/uploads\/2023\/06\/cropped-DSC_9579-1.jpg 1365w\" sizes=\"(max-width: 1024px) 100vw, 1024px\" \/><\/figure>\n","protected":false},"excerpt":{"rendered":"<p>\u00a1Hola! Soy Laura y soy abogada. Me gradu\u00e9 en la Universidad Nacional del Sur (Bah\u00eda Blanca, Buenos Aires, Argentina) en el a\u00f1o 2010. Ese mismo a\u00f1o inici\u00e9 mi carrera como abogada junior para una empresa de salud, y con colegas de larga trayectoria en mi ciudad. En 2012 abr\u00ed mi [&hellip;]<\/p>\n","protected":false},"author":1,"featured_media":0,"parent":0,"menu_order":0,"comment_status":"closed","ping_status":"open","template":"","meta":[],"_links":{"self":[{"href":"https:\/\/laurafrisicale.com\/index.php\/wp-json\/wp\/v2\/pages\/2"}],"collection":[{"href":"https:\/\/laurafrisicale.com\/index.php\/wp-json\/wp\/v2\/pages"}],"about":[{"href":"https:\/\/laurafrisicale.com\/index.php\/wp-json\/wp\/v2\/types\/page"}],"author":[{"embeddable":true,"href":"https:\/\/laurafrisicale.com\/index.php\/wp-json\/wp\/v2\/users\/1"}],"replies":[{"embeddable":true,"href":"https:\/\/laurafrisicale.com\/index.php\/wp-json\/wp\/v2\/comments?post=2"}],"version-history":[{"count":9,"href":"https:\/\/laurafrisicale.com\/index.php\/wp-json\/wp\/v2\/pages\/2\/revisions"}],"predecessor-version":[{"id":206,"href":"https:\/\/laurafrisicale.com\/index.php\/wp-json\/wp\/v2\/pages\/2\/revisions\/206"}],"wp:attachment":[{"href":"https:\/\/laurafrisicale.com\/index.php\/wp-json\/wp\/v2\/media?parent=2"}],"curies":[{"name":"wp","href":"https:\/\/api.w.org\/{rel}","templated":true}]}}